{"id":169,"date":"2025-07-21T12:52:28","date_gmt":"2025-07-21T12:52:28","guid":{"rendered":"http:\/\/compas.rs\/?page_id=169"},"modified":"2025-10-27T11:56:42","modified_gmt":"2025-10-27T11:56:42","slug":"careers","status":"publish","type":"page","link":"http:\/\/compas.rs\/sr\/careers\/","title":{"rendered":"Karijere"},"content":{"rendered":"<p>[et_pb_section fb_built=&#8221;1&#8243; admin_label=&#8221;Header&#8221; _builder_version=&#8221;4.27.4&#8243; _module_preset=&#8221;default&#8221; background_color=&#8221;gcid-1bcf785a-50e1-437b-b09f-65567babc1de&#8221; background_enable_image=&#8221;off&#8221; background_position=&#8221;top_left&#8221; z_index=&#8221;-10&#8243; custom_margin=&#8221;||0px|||&#8221; custom_padding=&#8221;77px||39px|||&#8221; locked=&#8221;off&#8221; collapsed=&#8221;on&#8221; global_colors_info=&#8221;{%22gcid-1bcf785a-50e1-437b-b09f-65567babc1de%22:%91%22background_color%22%93}&#8221;][\/et_pb_section][et_pb_section fb_built=&#8221;1&#8243; admin_label=&#8221;FAQ&#8221; module_class=&#8221;animated-blobs&#8221; _builder_version=&#8221;4.27.4&#8243; _module_preset=&#8221;default&#8221; background_color=&#8221;#2C3082&#8243; z_index=&#8221;-10&#8243; custom_padding=&#8221;54px|||||&#8221; collapsed=&#8221;off&#8221; global_colors_info=&#8221;{}&#8221;][et_pb_row _builder_version=&#8221;4.27.4&#8243; _module_preset=&#8221;default&#8221; z_index=&#8221;500&#8243; custom_padding=&#8221;0px||0px||false|false&#8221; global_colors_info=&#8221;{}&#8221;][et_pb_column type=&#8221;4_4&#8243; _builder_version=&#8221;4.19.2&#8243; _module_preset=&#8221;default&#8221; global_colors_info=&#8221;{}&#8221;][et_pb_text _builder_version=&#8221;4.27.4&#8243; _module_preset=&#8221;47554fba-716f-46ce-be21-b35e8f93aa83&#8243; min_height=&#8221;42px&#8221; custom_padding=&#8221;||0px|||&#8221; locked=&#8221;off&#8221; global_colors_info=&#8221;{}&#8221;]<\/p>\n<h1>otvorene pozicije<\/h1>\n<p>[\/et_pb_text][et_pb_divider _builder_version=&#8221;4.27.4&#8243; _module_preset=&#8221;a7f8dbe9-7100-462c-9011-189a08406390&#8243; global_colors_info=&#8221;{}&#8221;][\/et_pb_divider][\/et_pb_column][\/et_pb_row][et_pb_row _builder_version=&#8221;4.27.4&#8243; _module_preset=&#8221;default&#8221; z_index=&#8221;500&#8243; global_colors_info=&#8221;{}&#8221;][et_pb_column type=&#8221;4_4&#8243; _builder_version=&#8221;4.27.4&#8243; _module_preset=&#8221;default&#8221; global_colors_info=&#8221;{}&#8221;][et_pb_accordion open_toggle_background_color=&#8221;RGBA(255,255,255,0)&#8221; icon_color=&#8221;#FF8154&#8243; _builder_version=&#8221;4.27.4&#8243; _module_preset=&#8221;f11d767d-e61d-4932-b4fb-5d195a6ba113&#8243; toggle_font=&#8221;|700|||||||&#8221; toggle_font_size=&#8221;19px&#8221; body_font=&#8221;|300|||||||&#8221; locked=&#8221;off&#8221; global_colors_info=&#8221;{%22gcid-f1f9244b-c8ab-43e1-95c3-c0bdf69ac7b5%22:%91%22open_toggle_background_color%22,%22open_toggle_background_color%22,%22open_toggle_background_color%22,%22open_toggle_background_color%22,%22open_toggle_background_color%22,%22open_toggle_background_color%22,%22open_toggle_background_color%22,%22open_toggle_background_color%22,%22open_toggle_background_color%22,%22open_toggle_background_color%22,%22open_toggle_background_color%22,%22open_toggle_background_color%22,%22open_toggle_background_color%22%93}&#8221;][et_pb_accordion_item title=&#8221;\u2611 Welders (CO2\/MIG-MAG)&#8221; open=&#8221;on&#8221; _builder_version=&#8221;4.27.4&#8243; _module_preset=&#8221;default&#8221; hover_enabled=&#8221;0&#8243; global_colors_info=&#8221;{}&#8221; sticky_enabled=&#8221;0&#8243;]<\/p>\n<p class=\"whitespace-normal break-words\">Tra\u017eimo iskusne zavariva\u010de sa znanjem CO2\/MIG-MAG tehnika zavarivanja za izradu \u010deli\u010dnih konstrukcija i projekte izgradnje plastenika. Idealan kandidat treba da ima solidno iskustvo u konstrukcijskom zavarivanju, sposobnost \u010ditanja tehni\u010dkih crte\u017ea i posve\u0107enost odr\u017eavanju visokih standarda kvaliteta. Radi\u0107ete na raznovrsnim projektima od poljoprivrednih plastenika do industrijskih \u010deli\u010dnih konstrukcija, sa mogu\u0107nostima terenskog rada na razli\u010ditim lokacijama.<\/p>\n<p><a href=\"mailto:%20cv@compas.rs\"><span style=\"text-decoration: underline;\"><strong>Prijavite se ovde<\/strong><\/span><\/a><\/p>\n<p>[\/et_pb_accordion_item][et_pb_accordion_item title=&#8221;\u2611 Electricians&#8221; _builder_version=&#8221;4.27.4&#8243; _module_preset=&#8221;default&#8221; hover_enabled=&#8221;0&#8243; global_colors_info=&#8221;{}&#8221; open=&#8221;off&#8221; sticky_enabled=&#8221;0&#8243;]<\/p>\n<p class=\"whitespace-normal break-words\">Pridru\u017eite se na\u0161em timu kao elektri\u010dar specijalizovan za gra\u0111evinske i industrijske instalacije. Tra\u017eimo kvalifikovane profesionalce sa iskustvom u instalaciji elektri\u010dnih sistema za plastenike, \u010deli\u010dne konstrukcije i industrijske objekte. Odgovornosti uklju\u010duju o\u017ei\u010denje, instalaciju kontrolnih panela, elektri\u010dne priklju\u010dke opreme za plastenike i osiguravanje da sve instalacije zadovoljavaju sigurnosne standarde. Potreban je terenski rad i putovanje do projektnih lokacija.<\/p>\n<p class=\"whitespace-normal break-words\"><a href=\"mailto:%20cv@compas.rs\"><span style=\"text-decoration: underline;\"><strong>Prijavite se ovde<\/strong><\/span><\/a><\/p>\n<h2 class=\"text-xl font-bold text-text-100 mt-1 -mb-0.5\"><\/h2>\n<p>[\/et_pb_accordion_item][et_pb_accordion_item title=&#8221;\u2611 Plumbers&#8221; _builder_version=&#8221;4.27.4&#8243; _module_preset=&#8221;default&#8221; hover_enabled=&#8221;0&#8243; global_colors_info=&#8221;{}&#8221; open=&#8221;off&#8221; sticky_enabled=&#8221;0&#8243;]<\/p>\n<p class=\"whitespace-normal break-words\">Zapo\u0161ljavamo iskusne vodoinstalatere za instalaciju sistema za vodu i grejanje u projektima plastenika i gra\u0111evine. Posao uklju\u010duje instalaciju sistema za navodnjavanje, instalacije grejanja, mre\u017ea vodosnabdevanja i specijalizovane opreme za plastenike. Iskustvo sa modernim vodoinstalaterskim tehnikama i spremnost za rad na razli\u010ditim gradili\u0161tima je neophodna. Ova pozicija nudi mogu\u0107nosti rada na inovativnim poljoprivrednim projektima i industrijskim objektima.<\/p>\n<p class=\"whitespace-normal break-words\"><a href=\"mailto:%20cv@compas.rs\"><span style=\"text-decoration: underline;\"><strong>Prijavite se ovde<\/strong><\/span><\/a><\/p>\n<h2 class=\"text-xl font-bold text-text-100 mt-1 -mb-0.5\"><\/h2>\n<p>[\/et_pb_accordion_item][et_pb_accordion_item title=&#8221;\u2611 Assembly Workers\/Installers&#8221; _builder_version=&#8221;4.27.4&#8243; _module_preset=&#8221;default&#8221; hover_enabled=&#8221;0&#8243; global_colors_info=&#8221;{}&#8221; open=&#8221;off&#8221; sticky_enabled=&#8221;0&#8243;]<\/p>\n<div>\n<div class=\"grid-cols-1 grid gap-2.5 [&amp;_&gt;_*]:min-w-0 !gap-3.5\">\n<p class=\"whitespace-normal break-words\">Tra\u017eimo posve\u0107ene montere i instalatere spremne za terenski rad na gradili\u0161tima. Bi\u0107ete odgovorni za monta\u017eu \u010deli\u010dnih konstrukcija, instalaciju komponenti plastenika, postavljanje panela i op\u0161te gra\u0111evinske monta\u017ene poslove. Cenimo pouzdanost, pa\u017enju na detalje i sposobnost efikasnog rada u timskom okru\u017eenju. Prethodno iskustvo u gra\u0111evini ili mehani\u010dkoj monta\u017ei je po\u017eeljno, uz potpunu obuku za instalacije specifi\u010dne za plastenike.<\/p>\n<p class=\"whitespace-normal break-words\"><a href=\"mailto:%20cv@compas.rs\"><span style=\"text-decoration: underline;\"><strong>Prijavite se ovde<\/strong><\/span><\/a><\/p>\n<\/div>\n<\/div>\n<div class=\"h-8\"><\/div>\n<p>[\/et_pb_accordion_item][\/et_pb_accordion][\/et_pb_column][\/et_pb_row][\/et_pb_section]<\/p>","protected":false},"excerpt":{"rendered":"<p>open positionsWe are seeking experienced welders proficient in CO2\/MIG-MAG welding techniques for steel structure fabrication and greenhouse construction projects. The ideal candidate should have solid experience in structural welding, ability to read technical drawings, and commitment to maintaining high-quality standards. You&#8217;ll be working on diverse projects from agricultural greenhouses to industrial steel structures, with opportunities [&hellip;]<\/p>","protected":false},"author":1,"featured_media":0,"parent":0,"menu_order":0,"comment_status":"closed","ping_status":"closed","template":"","meta":{"_et_pb_use_builder":"on","_et_pb_old_content":"","_et_gb_content_width":"","footnotes":""},"class_list":["post-169","page","type-page","status-publish","hentry"],"_links":{"self":[{"href":"http:\/\/compas.rs\/sr\/wp-json\/wp\/v2\/pages\/169","targetHints":{"allow":["GET"]}}],"collection":[{"href":"http:\/\/compas.rs\/sr\/wp-json\/wp\/v2\/pages"}],"about":[{"href":"http:\/\/compas.rs\/sr\/wp-json\/wp\/v2\/types\/page"}],"author":[{"embeddable":true,"href":"http:\/\/compas.rs\/sr\/wp-json\/wp\/v2\/users\/1"}],"replies":[{"embeddable":true,"href":"http:\/\/compas.rs\/sr\/wp-json\/wp\/v2\/comments?post=169"}],"version-history":[{"count":19,"href":"http:\/\/compas.rs\/sr\/wp-json\/wp\/v2\/pages\/169\/revisions"}],"predecessor-version":[{"id":750,"href":"http:\/\/compas.rs\/sr\/wp-json\/wp\/v2\/pages\/169\/revisions\/750"}],"wp:attachment":[{"href":"http:\/\/compas.rs\/sr\/wp-json\/wp\/v2\/media?parent=169"}],"curies":[{"name":"wp","href":"https:\/\/api.w.org\/{rel}","templated":true}]}}